{"id":168,"date":"2023-07-30T22:37:40","date_gmt":"2023-07-30T22:37:40","guid":{"rendered":"https:\/\/www.poza-schemat.pl\/?page_id=168"},"modified":"2024-12-16T21:25:56","modified_gmt":"2024-12-16T21:25:56","slug":"o-mnie","status":"publish","type":"page","link":"https:\/\/www.poza-schemat.pl\/index.php\/o-mnie\/","title":{"rendered":"O MNIE"},"content":{"rendered":"\t\t<div data-elementor-type=\"wp-page\" data-elementor-id=\"168\" class=\"elementor elementor-168\" data-elementor-post-type=\"page\">\n\t\t\t\t\t\t<section class=\"elementor-section elementor-top-section elementor-element elementor-element-9686db elementor-section-boxed elementor-section-height-default elementor-section-height-default\" data-id=\"9686db\" data-element_type=\"section\" data-settings=\"{&quot;background_background&quot;:&quot;classic&quot;}\">\n\t\t\t\t\t\t\t<div class=\"elementor-background-overlay\"><\/div>\n\t\t\t\t\t\t\t<div class=\"elementor-container elementor-column-gap-default\">\n\t\t\t\t\t<div class=\"elementor-column elementor-col-100 elementor-top-column elementor-element elementor-element-11bcdb97\" data-id=\"11bcdb97\" data-element_type=\"column\">\n\t\t\t<div class=\"elementor-widget-wrap elementor-element-populated\">\n\t\t\t\t\t\t<section class=\"elementor-section elementor-inner-section elementor-element elementor-element-4da71185 elementor-section-boxed elementor-section-height-default elementor-section-height-default\" data-id=\"4da71185\" data-element_type=\"section\">\n\t\t\t\t\t\t<div class=\"elementor-container elementor-column-gap-default\">\n\t\t\t\t\t<div class=\"elementor-column elementor-col-100 elementor-inner-column elementor-element elementor-element-532eac13\" data-id=\"532eac13\" data-element_type=\"column\">\n\t\t\t<div class=\"elementor-widget-wrap elementor-element-populated\">\n\t\t\t\t\t\t<div class=\"elementor-element elementor-element-2e8401e9 elementor-invisible elementor-widget elementor-widget-heading\" data-id=\"2e8401e9\" data-element_type=\"widget\" data-settings=\"{&quot;_animation&quot;:&quot;fadeInUp&quot;}\" data-widget_type=\"heading.default\">\n\t\t\t\t<div class=\"elementor-widget-container\">\n\t\t\t\t\t<h1 class=\"elementor-heading-title elementor-size-default\">KLUCZEM DO \u015aWIADOMEGO KREOWANIA PRZYSZ\u0141O\u015aCI JEST ROZUMIENIE SWOJEGO TU I TERAZ<\/h1>\t\t\t\t<\/div>\n\t\t\t\t<\/div>\n\t\t\t\t\t<\/div>\n\t\t<\/div>\n\t\t\t\t\t<\/div>\n\t\t<\/section>\n\t\t\t\t\t<\/div>\n\t\t<\/div>\n\t\t\t\t\t<\/div>\n\t\t<\/section>\n\t\t\t\t<section class=\"elementor-section elementor-top-section elementor-element elementor-element-393990b9 elementor-section-boxed elementor-section-height-default elementor-section-height-default\" data-id=\"393990b9\" data-element_type=\"section\" data-settings=\"{&quot;background_background&quot;:&quot;classic&quot;}\">\n\t\t\t\t\t\t\t<div class=\"elementor-background-overlay\"><\/div>\n\t\t\t\t\t\t\t<div class=\"elementor-container elementor-column-gap-default\">\n\t\t\t\t\t<div class=\"elementor-column elementor-col-50 elementor-top-column elementor-element elementor-element-5be84d3\" data-id=\"5be84d3\" data-element_type=\"column\">\n\t\t\t<div class=\"elementor-widget-wrap elementor-element-populated\">\n\t\t\t\t\t\t<div class=\"elementor-element elementor-element-26998b0b elementor-widget__width-initial elementor-invisible elementor-widget elementor-widget-image\" data-id=\"26998b0b\" data-element_type=\"widget\" data-settings=\"{&quot;_animation&quot;:&quot;fadeInDown&quot;}\" data-widget_type=\"image.default\">\n\t\t\t\t<div class=\"elementor-widget-container\">\n\t\t\t\t\t\t\t\t\t\t\t\t\t\t\t<img fetchpriority=\"high\" decoding=\"async\" width=\"768\" height=\"768\" src=\"https:\/\/www.poza-schemat.pl\/wp-content\/uploads\/2023\/09\/Projekt-bez-nazwy-9-768x768.jpg\" class=\"attachment-medium_large size-medium_large wp-image-348\" alt=\"\" srcset=\"https:\/\/www.poza-schemat.pl\/wp-content\/uploads\/2023\/09\/Projekt-bez-nazwy-9-768x768.jpg 768w, https:\/\/www.poza-schemat.pl\/wp-content\/uploads\/2023\/09\/Projekt-bez-nazwy-9-300x300.jpg 300w, https:\/\/www.poza-schemat.pl\/wp-content\/uploads\/2023\/09\/Projekt-bez-nazwy-9-1024x1024.jpg 1024w, https:\/\/www.poza-schemat.pl\/wp-content\/uploads\/2023\/09\/Projekt-bez-nazwy-9-150x150.jpg 150w, https:\/\/www.poza-schemat.pl\/wp-content\/uploads\/2023\/09\/Projekt-bez-nazwy-9-1536x1536.jpg 1536w, https:\/\/www.poza-schemat.pl\/wp-content\/uploads\/2023\/09\/Projekt-bez-nazwy-9.jpg 2048w\" sizes=\"(max-width: 768px) 100vw, 768px\" \/>\t\t\t\t\t\t\t\t\t\t\t\t\t\t\t<\/div>\n\t\t\t\t<\/div>\n\t\t\t\t<div class=\"elementor-element elementor-element-6c841be8 elementor-widget__width-initial elementor-absolute elementor-invisible elementor-widget elementor-widget-image\" data-id=\"6c841be8\" data-element_type=\"widget\" data-settings=\"{&quot;_position&quot;:&quot;absolute&quot;,&quot;_animation&quot;:&quot;zoomIn&quot;}\" data-widget_type=\"image.default\">\n\t\t\t\t<div class=\"elementor-widget-container\">\n\t\t\t\t\t\t\t\t\t\t\t\t\t\t\t<img decoding=\"async\" src=\"https:\/\/www.poza-schemat.pl\/wp-content\/uploads\/2023\/07\/asian-women-working-in-the-office-young-asian-business-women-as-business-executives--e1694166461387.jpg\" title=\"asian-women-working-in-the-office-young-asian-business-women-as-business-executives-.jpg\" alt=\"asian-women-working-in-the-office-young-asian-business-women-as-business-executives-.jpg\" loading=\"lazy\" \/>\t\t\t\t\t\t\t\t\t\t\t\t\t\t\t<\/div>\n\t\t\t\t<\/div>\n\t\t\t\t\t<\/div>\n\t\t<\/div>\n\t\t\t\t<div class=\"elementor-column elementor-col-50 elementor-top-column elementor-element elementor-element-1726225 elementor-invisible\" data-id=\"1726225\" data-element_type=\"column\" data-settings=\"{&quot;animation&quot;:&quot;fadeInRight&quot;}\">\n\t\t\t<div class=\"elementor-widget-wrap elementor-element-populated\">\n\t\t\t\t\t\t<div class=\"elementor-element elementor-element-593fda6c elementor-widget__width-initial elementor-widget elementor-widget-heading\" data-id=\"593fda6c\" data-element_type=\"widget\" data-widget_type=\"heading.default\">\n\t\t\t\t<div class=\"elementor-widget-container\">\n\t\t\t\t\t<h6 class=\"elementor-heading-title elementor-size-default\">CZE\u015a\u0106, TU JOANNA!\n<\/h6>\t\t\t\t<\/div>\n\t\t\t\t<\/div>\n\t\t\t\t<div class=\"elementor-element elementor-element-7e780f00 elementor-widget elementor-widget-text-editor\" data-id=\"7e780f00\" data-element_type=\"widget\" data-widget_type=\"text-editor.default\">\n\t\t\t\t<div class=\"elementor-widget-container\">\n\t\t\t\t\t\t\t\t\t<p>\u00a0<\/p><p>Z wykszta\u0142cenia i powo\u0142ania coachini, trenerka, doradczyni zawodowa. Freelancerka.<\/p><p>Moj\u0105 pasj\u0105 jest wspieranie innych os\u00f3b w drodze do lepszego, pe\u0142niejszego \u017cycia, w zgodzie z samym sob\u0105.<\/p><p>\u00a0Prywatnie jestem mam\u0105, wieczn\u0105 studentk\u0105, wielbicielk\u0105 festiwali muzycznych oraz tych zwi\u0105zanych z szeroko rozumianym dobrostanem, mi\u0142o\u015bniczk\u0105 totalnej biologii i rozwoju duchowego.<\/p><p>Przede wszystkim jednak jestem kobiet\u0105 na drodze nieustaj\u0105cego, lecz \u015bwiadomego rozwoju.<\/p>\t\t\t\t\t\t\t\t<\/div>\n\t\t\t\t<\/div>\n\t\t\t\t<div class=\"elementor-element elementor-element-3cd82039 elementor-widget-divider--view-line elementor-widget elementor-widget-divider\" data-id=\"3cd82039\" data-element_type=\"widget\" data-widget_type=\"divider.default\">\n\t\t\t\t<div class=\"elementor-widget-container\">\n\t\t\t\t\t\t\t<div class=\"elementor-divider\">\n\t\t\t<span class=\"elementor-divider-separator\">\n\t\t\t\t\t\t<\/span>\n\t\t<\/div>\n\t\t\t\t\t\t<\/div>\n\t\t\t\t<\/div>\n\t\t\t\t<div class=\"elementor-element elementor-element-7a8aeb39 elementor-widget elementor-widget-button\" data-id=\"7a8aeb39\" data-element_type=\"widget\" data-widget_type=\"button.default\">\n\t\t\t\t<div class=\"elementor-widget-container\">\n\t\t\t\t\t\t\t\t\t<div class=\"elementor-button-wrapper\">\n\t\t\t\t\t<a class=\"elementor-button elementor-button-link elementor-size-lg\" href=\"https:\/\/www.poza-schemat.pl\/index.php\/kontakt\/\">\n\t\t\t\t\t\t<span class=\"elementor-button-content-wrapper\">\n\t\t\t\t\t\t\t\t\t<span class=\"elementor-button-text\">Skontaktuj si\u0119 ze mn\u0105 <\/span>\n\t\t\t\t\t<\/span>\n\t\t\t\t\t<\/a>\n\t\t\t\t<\/div>\n\t\t\t\t\t\t\t\t<\/div>\n\t\t\t\t<\/div>\n\t\t\t\t\t<\/div>\n\t\t<\/div>\n\t\t\t\t\t<\/div>\n\t\t<\/section>\n\t\t\t\t<section class=\"elementor-section elementor-top-section elementor-element elementor-element-35256668 elementor-section-boxed elementor-section-height-default elementor-section-height-default\" data-id=\"35256668\" data-element_type=\"section\" data-settings=\"{&quot;background_background&quot;:&quot;classic&quot;}\">\n\t\t\t\t\t\t\t<div class=\"elementor-background-overlay\"><\/div>\n\t\t\t\t\t\t\t<div class=\"elementor-container elementor-column-gap-default\">\n\t\t\t\t\t<div class=\"elementor-column elementor-col-50 elementor-top-column elementor-element elementor-element-551a309c elementor-invisible\" data-id=\"551a309c\" data-element_type=\"column\" data-settings=\"{&quot;animation&quot;:&quot;fadeIn&quot;,&quot;animation_delay&quot;:200}\">\n\t\t\t<div class=\"elementor-widget-wrap elementor-element-populated\">\n\t\t\t\t\t\t<div class=\"elementor-element elementor-element-61dc39f4 elementor-widget elementor-widget-heading\" data-id=\"61dc39f4\" data-element_type=\"widget\" data-widget_type=\"heading.default\">\n\t\t\t\t<div class=\"elementor-widget-container\">\n\t\t\t\t\t<h2 class=\"elementor-heading-title elementor-size-default\">\u017bYCIE JEST PE\u0141NE WYBOR\u00d3W, JAKO COACH POMOG\u0118 CI ZNALE\u0179\u0106 TEN W\u0141A\u015aCIWY DLA CIEBIE.<\/h2>\t\t\t\t<\/div>\n\t\t\t\t<\/div>\n\t\t\t\t<section class=\"elementor-section elementor-inner-section elementor-element elementor-element-e70b0bb elementor-section-boxed elementor-section-height-default elementor-section-height-default\" data-id=\"e70b0bb\" data-element_type=\"section\">\n\t\t\t\t\t\t<div class=\"elementor-container elementor-column-gap-default\">\n\t\t\t\t\t<div class=\"elementor-column elementor-col-50 elementor-inner-column elementor-element elementor-element-5ae7a09\" data-id=\"5ae7a09\" data-element_type=\"column\">\n\t\t\t<div class=\"elementor-widget-wrap elementor-element-populated\">\n\t\t\t\t\t\t<div class=\"elementor-element elementor-element-4e07f172 elementor-view-stacked elementor-shape-circle elementor-position-top elementor-mobile-position-top elementor-widget elementor-widget-icon-box\" data-id=\"4e07f172\" data-element_type=\"widget\" data-widget_type=\"icon-box.default\">\n\t\t\t\t<div class=\"elementor-widget-container\">\n\t\t\t\t\t\t\t<div class=\"elementor-icon-box-wrapper\">\n\n\t\t\t\t\t\t<div class=\"elementor-icon-box-icon\">\n\t\t\t\t<span  class=\"elementor-icon\">\n\t\t\t\t<i aria-hidden=\"true\" class=\"icon icon-flower\"><\/i>\t\t\t\t<\/span>\n\t\t\t<\/div>\n\t\t\t\n\t\t\t\t\t\t<div class=\"elementor-icon-box-content\">\n\n\t\t\t\t\t\t\t\t\t<div class=\"elementor-icon-box-title\">\n\t\t\t\t\t\t<span  >\n\t\t\t\t\t\t\tMoja Droga\t\t\t\t\t\t<\/span>\n\t\t\t\t\t<\/div>\n\t\t\t\t\n\t\t\t\t\t\t\t\t\t<p class=\"elementor-icon-box-description\">\n\t\t\t\t\t\tWiem, jak to jest szuka\u0107 swojej drogi i odk\u0142ada\u0107 marzenia na p\u00f3\u0142k\u0119.\n\nMoje do\u015bwiadczenie zawodowe z kilkunastu lat pracy i rozwoju osobistego by\u0142o dwutorowe. \nEtatowo pracowa\u0142am w marketingu a prac\u0119 trenersko-coachingow\u0105 traktowa\u0142am jako pasj\u0119 \u201cpo godzinach\u201d.\nZdoby\u0142am w mojej pracy marketingowca cenne do\u015bwiadczenia, umiej\u0119tno\u015bci i pozna\u0142am wspania\u0142ych ludzi. Wewn\u0105trz siebie jednak czu\u0142am, \u017ce moim powo\u0142aniem jest wspieranie os\u00f3b, stoj\u0105cych na tzw. zakr\u0119cie. \n\nPrzesz\u0142am t\u0119 drog\u0119, podejmuj\u0105c wiele wa\u017cnych decyzji i dokonuj\u0105c szeregu zmian. \n\n\t\t\t\t\t<\/p>\n\t\t\t\t\n\t\t\t<\/div>\n\t\t\t\n\t\t<\/div>\n\t\t\t\t\t\t<\/div>\n\t\t\t\t<\/div>\n\t\t\t\t\t<\/div>\n\t\t<\/div>\n\t\t\t\t<div class=\"elementor-column elementor-col-50 elementor-inner-column elementor-element elementor-element-4c741996\" data-id=\"4c741996\" data-element_type=\"column\">\n\t\t\t<div class=\"elementor-widget-wrap elementor-element-populated\">\n\t\t\t\t\t\t<div class=\"elementor-element elementor-element-6bb4367d elementor-view-stacked elementor-shape-circle elementor-position-top elementor-mobile-position-top elementor-widget elementor-widget-icon-box\" data-id=\"6bb4367d\" data-element_type=\"widget\" data-widget_type=\"icon-box.default\">\n\t\t\t\t<div class=\"elementor-widget-container\">\n\t\t\t\t\t\t\t<div class=\"elementor-icon-box-wrapper\">\n\n\t\t\t\t\t\t<div class=\"elementor-icon-box-icon\">\n\t\t\t\t<span  class=\"elementor-icon\">\n\t\t\t\t<i aria-hidden=\"true\" class=\"icon icon-diamond11\"><\/i>\t\t\t\t<\/span>\n\t\t\t<\/div>\n\t\t\t\n\t\t\t\t\t\t<div class=\"elementor-icon-box-content\">\n\n\t\t\t\t\t\t\t\t\t<div class=\"elementor-icon-box-title\">\n\t\t\t\t\t\t<span  >\n\t\t\t\t\t\t\tMoja Misja\t\t\t\t\t\t<\/span>\n\t\t\t\t\t<\/div>\n\t\t\t\t\n\t\t\t\t\t\t\t\t\t<p class=\"elementor-icon-box-description\">\n\t\t\t\t\t\tWspieram osoby szukaj\u0105ce w\u0142asnej drogi, zar\u00f3wno w obszarze kariery i biznesu, jak te\u017c w sferze pozazawodowej, zwi\u0105zanej z szeroko poj\u0119tym rozwojem osobistym. \n\nW swojej pracy niezale\u017cnie od obszaru pracy, d\u0105\u017cenia, czy te\u017c celu na proces, zach\u0119cam Klient\u00f3w do poszerzenia perspektywy, do spojrzenia z lotu ptaka, do holistycznego widzenia na r\u00f3\u017cnych etapach procesu. \n\nDzi\u0119ki temu moi Klienci zyskuj\u0105 bardziej pog\u0142\u0119biony i wielowymiarowy obraz, poszerzaj\u0105 samo\u015bwiadomo\u015b\u0107 i maj\u0105 mo\u017cliwo\u015b\u0107 zweryfikowania kierunku dzia\u0142a\u0144, aby uczyni\u0107 dalsz\u0105 drog\u0119 sp\u00f3jn\u0105, w zgodzie z samymi\nsob\u0105. \n\t\t\t\t\t<\/p>\n\t\t\t\t\n\t\t\t<\/div>\n\t\t\t\n\t\t<\/div>\n\t\t\t\t\t\t<\/div>\n\t\t\t\t<\/div>\n\t\t\t\t\t<\/div>\n\t\t<\/div>\n\t\t\t\t\t<\/div>\n\t\t<\/section>\n\t\t\t\t<div class=\"elementor-element elementor-element-a199485 elementor-widget elementor-widget-spacer\" data-id=\"a199485\" data-element_type=\"widget\" data-widget_type=\"spacer.default\">\n\t\t\t\t<div class=\"elementor-widget-container\">\n\t\t\t\t\t\t\t<div class=\"elementor-spacer\">\n\t\t\t<div class=\"elementor-spacer-inner\"><\/div>\n\t\t<\/div>\n\t\t\t\t\t\t<\/div>\n\t\t\t\t<\/div>\n\t\t\t\t<div class=\"elementor-element elementor-element-072f04c elementor-widget elementor-widget-heading\" data-id=\"072f04c\" data-element_type=\"widget\" data-widget_type=\"heading.default\">\n\t\t\t\t<div class=\"elementor-widget-container\">\n\t\t\t\t\t<h2 class=\"elementor-heading-title elementor-size-default\"><a href=\"https:\/\/www.poza-schemat.pl\/index.php\/edukacja-i-uprawnienia\/\">WYKSZTA\u0141CENIE I UPRAWNIENIA  <\/a><\/h2>\t\t\t\t<\/div>\n\t\t\t\t<\/div>\n\t\t\t\t\t<\/div>\n\t\t<\/div>\n\t\t\t\t<div class=\"elementor-column elementor-col-50 elementor-top-column elementor-element elementor-element-3b0f5f2e elementor-invisible\" data-id=\"3b0f5f2e\" data-element_type=\"column\" data-settings=\"{&quot;animation&quot;:&quot;fadeInUp&quot;}\">\n\t\t\t<div class=\"elementor-widget-wrap elementor-element-populated\">\n\t\t\t\t\t\t<div class=\"elementor-element elementor-element-36f4f40d elementor-widget elementor-widget-image\" data-id=\"36f4f40d\" data-element_type=\"widget\" data-widget_type=\"image.default\">\n\t\t\t\t<div class=\"elementor-widget-container\">\n\t\t\t\t\t\t\t\t\t\t\t\t\t\t\t<img decoding=\"async\" width=\"1651\" height=\"2039\" src=\"https:\/\/www.poza-schemat.pl\/wp-content\/uploads\/2024\/12\/DSC_7373-scaled-e1734382782167.jpg\" class=\"attachment-full size-full wp-image-919\" alt=\"\" srcset=\"https:\/\/www.poza-schemat.pl\/wp-content\/uploads\/2024\/12\/DSC_7373-scaled-e1734382782167.jpg 1651w, https:\/\/www.poza-schemat.pl\/wp-content\/uploads\/2024\/12\/DSC_7373-scaled-e1734382782167-243x300.jpg 243w, https:\/\/www.poza-schemat.pl\/wp-content\/uploads\/2024\/12\/DSC_7373-scaled-e1734382782167-829x1024.jpg 829w, https:\/\/www.poza-schemat.pl\/wp-content\/uploads\/2024\/12\/DSC_7373-scaled-e1734382782167-768x948.jpg 768w, https:\/\/www.poza-schemat.pl\/wp-content\/uploads\/2024\/12\/DSC_7373-scaled-e1734382782167-1244x1536.jpg 1244w\" sizes=\"(max-width: 1651px) 100vw, 1651px\" \/>\t\t\t\t\t\t\t\t\t\t\t\t\t\t\t<\/div>\n\t\t\t\t<\/div>\n\t\t\t\t<div class=\"elementor-element elementor-element-527aec1c elementor-view-stacked elementor-position-left elementor-vertical-align-middle elementor-widget__width-auto elementor-absolute elementor-mobile-position-left elementor-shape-circle elementor-invisible elementor-widget elementor-widget-icon-box\" data-id=\"527aec1c\" data-element_type=\"widget\" data-settings=\"{&quot;_position&quot;:&quot;absolute&quot;,&quot;_animation&quot;:&quot;fadeInUp&quot;}\" data-widget_type=\"icon-box.default\">\n\t\t\t\t<div class=\"elementor-widget-container\">\n\t\t\t\t\t\t\t<div class=\"elementor-icon-box-wrapper\">\n\n\t\t\t\t\t\t<div class=\"elementor-icon-box-icon\">\n\t\t\t\t<span  class=\"elementor-icon\">\n\t\t\t\t<i aria-hidden=\"true\" class=\"icon icon-phone-handset\"><\/i>\t\t\t\t<\/span>\n\t\t\t<\/div>\n\t\t\t\n\t\t\t\t\t\t<div class=\"elementor-icon-box-content\">\n\n\t\t\t\t\t\t\t\t\t<div class=\"elementor-icon-box-title\">\n\t\t\t\t\t\t<span  >\n\t\t\t\t\t\t\tDramowa konsultacja\t\t\t\t\t\t<\/span>\n\t\t\t\t\t<\/div>\n\t\t\t\t\n\t\t\t\t\t\t\t\t\t<p class=\"elementor-icon-box-description\">\n\t\t\t\t\t\t+48 572 987 453\t\t\t\t\t<\/p>\n\t\t\t\t\n\t\t\t<\/div>\n\t\t\t\n\t\t<\/div>\n\t\t\t\t\t\t<\/div>\n\t\t\t\t<\/div>\n\t\t\t\t\t<\/div>\n\t\t<\/div>\n\t\t\t\t\t<\/div>\n\t\t<\/section>\n\t\t\t\t<section class=\"elementor-section elementor-top-section elementor-element elementor-element-6ed7a86 elementor-section-boxed elementor-section-height-default elementor-section-height-default\" data-id=\"6ed7a86\" data-element_type=\"section\">\n\t\t\t\t\t\t<div class=\"elementor-container elementor-column-gap-default\">\n\t\t\t\t\t<div class=\"elementor-column elementor-col-100 elementor-top-column elementor-element elementor-element-8a8b3b1\" data-id=\"8a8b3b1\" data-element_type=\"column\">\n\t\t\t<div class=\"elementor-widget-wrap\">\n\t\t\t\t\t\t\t<\/div>\n\t\t<\/div>\n\t\t\t\t\t<\/div>\n\t\t<\/section>\n\t\t\t\t<section class=\"elementor-section elementor-top-section elementor-element elementor-element-2c014f34 elementor-section-boxed elementor-section-height-default elementor-section-height-default\" data-id=\"2c014f34\" data-element_type=\"section\" data-settings=\"{&quot;background_background&quot;:&quot;classic&quot;}\">\n\t\t\t\t\t\t\t<div class=\"elementor-background-overlay\"><\/div>\n\t\t\t\t\t\t\t<div class=\"elementor-container elementor-column-gap-default\">\n\t\t\t\t\t<div class=\"elementor-column elementor-col-100 elementor-top-column elementor-element elementor-element-1dc73034\" data-id=\"1dc73034\" data-element_type=\"column\">\n\t\t\t<div class=\"elementor-widget-wrap\">\n\t\t\t\t\t\t\t<\/div>\n\t\t<\/div>\n\t\t\t\t\t<\/div>\n\t\t<\/section>\n\t\t\t\t<\/div>\n\t\t","protected":false},"excerpt":{"rendered":"<p>KLUCZEM DO \u015aWIADOMEGO KREOWANIA PRZYSZ\u0141O\u015aCI JEST ROZUMIENIE SWOJEGO TU I TERAZ CZE\u015a\u0106, TU JOANNA! \u00a0 Z wykszta\u0142cenia i powo\u0142ania coachini, trenerka, doradczyni zawodowa. Freelancerka. Moj\u0105 pasj\u0105 jest wspieranie innych os\u00f3b w drodze do lepszego, pe\u0142niejszego \u017cycia, w zgodzie z samym sob\u0105. \u00a0Prywatnie jestem mam\u0105, wieczn\u0105 studentk\u0105, wielbicielk\u0105 festiwali muzycznych oraz tych zwi\u0105zanych z szeroko rozumianym [&hellip;]<\/p>\n","protected":false},"author":1,"featured_media":0,"parent":0,"menu_order":0,"comment_status":"closed","ping_status":"closed","template":"elementor_header_footer","meta":{"footnotes":""},"class_list":["post-168","page","type-page","status-publish","hentry"],"_links":{"self":[{"href":"https:\/\/www.poza-schemat.pl\/index.php\/wp-json\/wp\/v2\/pages\/168","targetHints":{"allow":["GET"]}}],"collection":[{"href":"https:\/\/www.poza-schemat.pl\/index.php\/wp-json\/wp\/v2\/pages"}],"about":[{"href":"https:\/\/www.poza-schemat.pl\/index.php\/wp-json\/wp\/v2\/types\/page"}],"author":[{"embeddable":true,"href":"https:\/\/www.poza-schemat.pl\/index.php\/wp-json\/wp\/v2\/users\/1"}],"replies":[{"embeddable":true,"href":"https:\/\/www.poza-schemat.pl\/index.php\/wp-json\/wp\/v2\/comments?post=168"}],"version-history":[{"count":25,"href":"https:\/\/www.poza-schemat.pl\/index.php\/wp-json\/wp\/v2\/pages\/168\/revisions"}],"predecessor-version":[{"id":932,"href":"https:\/\/www.poza-schemat.pl\/index.php\/wp-json\/wp\/v2\/pages\/168\/revisions\/932"}],"wp:attachment":[{"href":"https:\/\/www.poza-schemat.pl\/index.php\/wp-json\/wp\/v2\/media?parent=168"}],"curies":[{"name":"wp","href":"https:\/\/api.w.org\/{rel}","templated":true}]}}